{"id":6080,"date":"2025-11-21T12:57:44","date_gmt":"2025-11-21T11:57:44","guid":{"rendered":"https:\/\/meutic.net\/avis-legal\/"},"modified":"2025-11-21T16:47:45","modified_gmt":"2025-11-21T15:47:45","slug":"avis-legal","status":"publish","type":"page","link":"https:\/\/meutic.net\/ca\/avis-legal\/","title":{"rendered":"Av\u00eds Legal"},"content":{"rendered":"\t\t<div data-elementor-type=\"wp-page\" data-elementor-id=\"6080\" class=\"elementor elementor-6080 elementor-5982\" data-elementor-post-type=\"page\">\n\t\t\t\t<div class=\"elementor-element elementor-element-15f79d90 e-flex e-con-boxed e-con e-parent\" data-id=\"15f79d90\" data-element_type=\"container\" data-e-type=\"container\" data-settings=\"{&quot;background_background&quot;:&quot;classic&quot;}\">\n\t\t\t\t\t<div class=\"e-con-inner\">\n\t\t<div class=\"elementor-element elementor-element-ba54f88 e-con-full e-flex e-con e-child\" data-id=\"ba54f88\" data-element_type=\"container\" data-e-type=\"container\">\n\t\t\t\t<div class=\"elementor-element elementor-element-770109bd elementor-widget elementor-widget-heading\" data-id=\"770109bd\" data-element_type=\"widget\" data-e-type=\"widget\" data-widget_type=\"heading.default\">\n\t\t\t\t\t<h1 class=\"elementor-heading-title elementor-size-default\">Av\u00eds Legal<\/h1>\t\t\t\t<\/div>\n\t\t\t\t<\/div>\n\t\t\t\t\t<\/div>\n\t\t\t\t<\/div>\n\t\t<div class=\"elementor-element elementor-element-6c3a2af e-flex e-con-boxed e-con e-parent\" data-id=\"6c3a2af\" data-element_type=\"container\" data-e-type=\"container\">\n\t\t\t\t\t<div class=\"e-con-inner\">\n\t\t\t\t<div class=\"elementor-element elementor-element-b5a5553 elementor-widget elementor-widget-text-editor\" data-id=\"b5a5553\" data-element_type=\"widget\" data-e-type=\"widget\" data-widget_type=\"text-editor.default\">\n\t\t\t\t\t\t\t\t\t<h3><strong>Dades identificatives<\/strong><\/h3><p>En compliment amb el deure informaci\u00f3 recollit a l&#8217;article 10 de la Llei 34\/2002, d&#8217;11 de juliol, de Serveis de la Societat de la Informaci\u00f3 i del Comer\u00e7 Electr\u00f2nic, a continuaci\u00f3 es faciliten les dades seg\u00fcents:<\/p><p>El titular d&#8217;aquest lloc web \u00e9s <strong data-start=\"505\" data-end=\"524\">MEUTIC CLOUD SL<\/strong> , amb <strong data-start=\"530\" data-end=\"547\">CIF B23983331<\/strong> , i domicili a <strong data-start=\"564\" data-end=\"633\">l&#8217;av. Josep Anselm Clav\u00e9, 08731 Sant Mart\u00ed Sarroca (Barcelona)<\/strong> .<br data-start=\"634\" data-end=\"637\"> Correu electr\u00f2nic de contacte: <strong data-start=\"669\" data-end=\"688\">info@meutic.net<\/strong><\/p><p>La informaci\u00f3 continguda a <strong data-start=\"718\" data-end=\"736\"><a href=\"http:\/\/www.meutic.net\" target=\"_new\" rel=\"noopener\" data-start=\"720\" data-end=\"734\">www.meutic.net<\/a><\/strong> constitueix un servei informatiu sobre els diferents serveis que ofereix <strong data-start=\"813\" data-end=\"832\">MEUTIC CLOUD SL<\/strong> (d&#8217;ara endavant, \u201cMEUTIC\u201d), en l&#8217;\u00e0mbit de la consultoria tecnol\u00f2gica, serveis inform\u00e0tics, suport, manteniment, ciberseguretat, desenvolupament web i solucions digitals.<\/p><h3><strong>Acceptaci\u00f3 de les condicions d\u00fas<\/strong><\/h3><p>L&#8217;acc\u00e9s a la Web www.meutic.net implica l&#8217;acceptaci\u00f3 de les condicions d&#8217;\u00fas que en cada moment estiguin vigents en aquesta Web.<\/p><h3>Propietat <strong>intel\u00b7lectual<\/strong><\/h3><p>El codi font, els dissenys gr\u00e0fics, les imatges, les fotografies, les animacions, el programari, els textos, aix\u00ed com la informaci\u00f3 i continguts que es recullen a www.meutic.net estan protegits per la legislaci\u00f3 espanyola i la normativa de drets de propietat intel\u00b7lectual i industrial a favor de MEUTIC i no es permet la reproducci\u00f3, total o parcial, d&#8217;aquesta Web, ni el seu tractament inform\u00e0tic, comunicaci\u00f3 p\u00fablica, comunicaci\u00f3 previ i per escrit del titular, MEUTIC de conformitat amb els articles 8 i 32 Llei de Propietat Intel\u00b7lectual.<\/p><p>L&#8217;usuari, \u00fanicament i exclusivament podr\u00e0 utilitzar el material que aparegui en aquesta Web per a \u00fas personal i privat, quedant prohibida la seva utilitzaci\u00f3 amb fins comercials o per inc\u00f3rrer en activitats il\u00b7l\u00edcites. Tots els drets derivats de la propietat intel\u00b7lectual estan expressament reservats per MEUTIC. <\/p><p>MEUTIC vetllar\u00e0 pel compliment de les condicions anteriors i pel correcte \u00fas dels continguts presentats al seu portal, exercint totes les accions civils i penals que li corresponguin en el cas d&#8217;infracci\u00f3 o incompliment d&#8217;aquests drets per part de l&#8217;usuari.<\/p><h3><strong>Protecci\u00f3 de dades de car\u00e0cter personal<\/strong><\/h3><p>L&#8217;acc\u00e9s a la p\u00e0gina web o la utilitzaci\u00f3 no implica una recollida de dades personals de l&#8217;usuari per part de MEUTIC. Aix\u00f2 no obstant, es comunica que, en cas que MEUTIC sol\u00b7liciti dades personals, s&#8217;informar\u00e0 degudament l&#8217;usuari conforme s&#8217;estableix al Reglament General de Protecci\u00f3 de Dades i una altra normativa d&#8217;aplicaci\u00f3 relativa a la protecci\u00f3 de dades. <\/p><p>Les dades personals que recull MEUTIC en els diferents tipus de formularis, seran tractades amb la finalitat de donar resposta a la sol\u00b7licitud realitzada per l&#8217;interessat, aix\u00ed com pel manteniment de la relaci\u00f3 que si s&#8217;escau, i la gesti\u00f3, administraci\u00f3, informaci\u00f3, prestaci\u00f3 i millora dels serveis que decideixi contractar.<\/p><p>Per a una informaci\u00f3 m\u00e9s detallada sobre la Protecci\u00f3 de Dades, haureu d&#8217;accedir a la nostra \u201cPol\u00edtica de Privadesa\u201d.<\/p><p>MEUTIC ha pres les mesures de car\u00e0cter t\u00e8cnic i organitzatiu necess\u00e0ries per garantir la seguretat de les dades i evitar la seva alteraci\u00f3, p\u00e8rdua, tractament o acc\u00e9s no autoritzat, tenint en compte l&#8217;estat de la tecnologia, la naturalesa de les dades emmagatzemades i els riscos a qu\u00e8 es troben exposades, ja provinguin de l&#8217;acci\u00f3 humana o del medi f\u00edsic o natural.<\/p><h3><strong>Dades a les xarxes socials<\/strong><\/h3><p>MEUTIC disposa de perfils a diferents xarxes socials, per tant hem d&#8217;advertir a l&#8217;usuari que totes aquelles dades que publiqui en aquests perfils seran vists per tots aquells usuaris que interactu\u00efn o consultin amb aquests perfils, tinguin aquests o no el seu propi perfil a la xarxa social, ja que tots els perfils de MEUTIC s\u00f3n p\u00fablics. En conseq\u00fc\u00e8ncia, tota la informaci\u00f3 i continguts publicats per l&#8217;usuari als perfils de MEUTIC ser\u00e0 objecte de comunicaci\u00f3 a la resta d&#8217;usuaris per la pr\u00f2pia naturalesa del servei. Us recomanem que consulteu les Pol\u00edtiques de Privadesa de les xarxes socials abans d&#8217;utilitzar aquests serveis.  <\/p><p>En cas que l&#8217;usuari envi\u00ef informaci\u00f3 de qualsevol tipus a MEUTIC, sobretot en el cas de dades de tercers, a trav\u00e9s de les xarxes socials, aquest declara i garanteix que est\u00e0 legitimat a enviar aquesta informaci\u00f3 i que no infringeix cap dret de propietat intel\u00b7lectual, de marca, de patent, secret comercial, o qualsevol altre dret de tercer, que la informaci\u00f3 no t\u00e9 car\u00e0cter confidencial i que no t\u00e9 car\u00e0cter confidencial.<\/p><p>MEUTIC nom\u00e9s \u00e9s responsable i garanteix la confidencialitat, seguretat i tractament de les dades conforme a la legislaci\u00f3 vigent, respecte a les dades recollides directament de l&#8217;usuari, no tenint cap tipus de responsabilitat respecte als tractaments i usos posteriors que la xarxa social pogu\u00e9s efectuar.<\/p><h3><strong>Limitaci\u00f3 de responsabilitat<\/strong><\/h3><p>MEUTIC no es responsabilitza dels possibles danys o perjudicis que puguin succeir com a conseq\u00fc\u00e8ncia de l&#8217;\u00fas dels continguts de la Web, sent de responsabilitat exclusiva de l&#8217;usuari que hi accedeixi.<\/p><p>En el mateix sentit, MEUTIC no es responsabilitza dels possibles perjudicis que poguessin derivar-se de l&#8217;\u00fas d&#8217;una versi\u00f3 no actualitzada o defectuosa del navegador, d&#8217;interrupcions en la connexi\u00f3 que es produeixin durant la transmissi\u00f3 de dades, virus inform\u00e0tics, avaries o desconnexions en el funcionament del sistema telem\u00e0tic, de bloquejos causats per defici\u00e8ncies o sobrec\u00e0rregues. intromissions no autoritzades.<\/p><p>El Web de MEUTIC cont\u00e9 enlla\u00e7os a altres p\u00e0gines web que puguin ser interessants per als usuaris. MEUTIC no assumeix cap responsabilitat sobre aquests enlla\u00e7os, no podent garantir el compliment de pol\u00edtiques de privadesa adequades, per la qual cosa l&#8217;usuari accedeix al contingut de les referides p\u00e0gines Web en les condicions d&#8217;\u00fas que es fixin en aquestes i sota la seva exclusiva responsabilitat. <\/p><p>MEUTIC no es fa responsable de l&#8217;incompliment de qualsevol norma aplicable en qu\u00e8 pugui inc\u00f3rrer l&#8217;usuari en l&#8217;acc\u00e9s a la Web www.meutic.net i\/o en l&#8217;\u00fas de les informacions contingudes.<\/p><p>MEUTIC es reserva el dret d&#8217;interrompre o denegar discrecionalment, en qualsevol moment i sense necessitat de previ av\u00eds, l&#8217;acc\u00e9s de qualsevol usuari als continguts d&#8217;acc\u00e9s restringit, quan hi concorrin algunes de les circumst\u00e0ncies descrites.<\/p><h3><strong>Enlla\u00e7os<\/strong><\/h3><p>Tots els enlla\u00e7os o links, hipertextual, framing o qualsevol altre tipus de connexi\u00f3 virtual a trav\u00e9s de xarxes de telecomunicaci\u00f3 des de qualsevol web a la nostra p\u00e0gina web, haur\u00e0 de ser sol\u00b7licitada i autoritzada pr\u00e8viament i per escrit per MEUTIC, i si no n&#8217;hi ha, els enlla\u00e7os que s&#8217;estableixin en aquesta web, s&#8217;hauran de fer a la seva p\u00e0gina d&#8217;inici.<\/p><p>Els enlla\u00e7os que es realitzin a p\u00e0gines web de tercers tenen \u00fanicament una finalitat orientativa, i l&#8217;objecte \u00e9s posar a disposici\u00f3 de l&#8217;usuari altres fonts d&#8217;informaci\u00f3 que puguin ser del seu inter\u00e8s.<\/p><p>MEUTIC procura revisar peri\u00f2dicament el contingut dels seus enlla\u00e7os. Tot i aix\u00f2, \u00e9s impossible con\u00e8ixer en tot moment el contingut concret dels enlla\u00e7os proposats. Per aquest motiu sol\u00b7licitem la col\u00b7laboraci\u00f3 de qualsevol usuari que accedeixi als referits continguts en cas que aquests poguessin ser contraris a la legalitat vigent, moral o ordre p\u00fablic, informant-nos a trav\u00e9s del seg\u00fcent correu electr\u00f2nic info@meutic.net<\/p><h3><strong>Responsabilitat<\/strong><\/h3><p>En definitiva, l&#8217;usuari \u00e9s l&#8217;\u00fanic responsable de l&#8217;\u00fas que faci dels serveis, continguts, enlla\u00e7os (links) i hipertextos inclosos a la web www.meutic.net.<\/p><h3><strong>Pol\u00edtica de privadesa<\/strong><\/h3><p>Les dades de car\u00e0cter personal aconseguides mitjan\u00e7ant els diferents formularis de registre estan subjectes als terminis recollits a la nostra Pol\u00edtica de Privadesa.<\/p><h3><strong>Reserva<\/strong><\/h3><p>MEUTIC es reserva la facultat en tot moment, sense necessitat de previ av\u00eds, d&#8217;efectuar modificacions i actualitzacions de la informaci\u00f3 continguda a la seva Web oa la seva configuraci\u00f3 i presentaci\u00f3. Aix\u00ed mateix, es reserva el dret a suspendre temporalment, i sense que sigui necessari av\u00eds previ, l&#8217;accessibilitat a la Web per raons d&#8217;una eventual necessitat i per efectuar operacions de manteniment, reparaci\u00f3 o millora.<\/p><p>MEUTIC es reserva el dret a incloure o retirar totalment o parcialment de la Web, qualsevol informaci\u00f3 a la seva discreci\u00f3 exclusiva.<\/p><h3><strong>Llei aplicable i jurisdicci\u00f3<\/strong><\/h3><p>Per totes aquelles q\u00fcestions que puguin sorgir amb motiu d&#8217;interpretaci\u00f3, execuci\u00f3 o eventual incompliment de les presents condicions d&#8217;utilitzaci\u00f3, els usuaris, amb ren\u00fancia a la pr\u00f2pia jurisdicci\u00f3, i amb independ\u00e8ncia del lloc on sorgeixi qualsevol disputa, se sotmetran expressament a la compet\u00e8ncia i jurisdicci\u00f3 dels jutjats i tribunals de Vilafranca del Pened\u00e8s (Barcelona).<\/p><p>Aquestes condicions es regeixen, en qualsevol cas, per la legislaci\u00f3 espanyola.<\/p><h3>MEUTIC, Tots els drets reservats.<\/h3>\t\t\t\t\t\t\t\t<\/div>\n\t\t\t\t\t<\/div>\n\t\t\t\t<\/div>\n\t\t\t\t<\/div>\n\t\t","protected":false},"excerpt":{"rendered":"<p>Av\u00eds Legal Dades identificatives En compliment amb el deure informaci\u00f3 recollit a l&#8217;article 10 de la Llei 34\/2002, d&#8217;11 de juliol, de Serveis de la Societat de la Informaci\u00f3 i del Comer\u00e7 Electr\u00f2nic, a continuaci\u00f3 es faciliten les dades seg\u00fcents: El titular d&#8217;aquest lloc web \u00e9s MEUTIC CLOUD SL , amb CIF B23983331 , i [&hellip;]<\/p>\n","protected":false},"author":1,"featured_media":0,"parent":0,"menu_order":0,"comment_status":"closed","ping_status":"closed","template":"","meta":{"footnotes":""},"class_list":["post-6080","page","type-page","status-publish","hentry"],"_links":{"self":[{"href":"https:\/\/meutic.net\/ca\/wp-json\/wp\/v2\/pages\/6080","targetHints":{"allow":["GET"]}}],"collection":[{"href":"https:\/\/meutic.net\/ca\/wp-json\/wp\/v2\/pages"}],"about":[{"href":"https:\/\/meutic.net\/ca\/wp-json\/wp\/v2\/types\/page"}],"author":[{"embeddable":true,"href":"https:\/\/meutic.net\/ca\/wp-json\/wp\/v2\/users\/1"}],"replies":[{"embeddable":true,"href":"https:\/\/meutic.net\/ca\/wp-json\/wp\/v2\/comments?post=6080"}],"version-history":[{"count":0,"href":"https:\/\/meutic.net\/ca\/wp-json\/wp\/v2\/pages\/6080\/revisions"}],"wp:attachment":[{"href":"https:\/\/meutic.net\/ca\/wp-json\/wp\/v2\/media?parent=6080"}],"curies":[{"name":"wp","href":"https:\/\/api.w.org\/{rel}","templated":true}]}}