{"id":6078,"date":"2025-11-21T13:03:53","date_gmt":"2025-11-21T12:03:53","guid":{"rendered":"https:\/\/meutic.net\/politica-de-privadesa\/"},"modified":"2025-11-21T16:48:04","modified_gmt":"2025-11-21T15:48:04","slug":"politica-de-privadesa","status":"publish","type":"page","link":"https:\/\/meutic.net\/ca\/politica-de-privadesa\/","title":{"rendered":"Pol\u00edtica de privadesa"},"content":{"rendered":"\t\t<div data-elementor-type=\"wp-page\" data-elementor-id=\"6078\" class=\"elementor elementor-6078 elementor-5987\" data-elementor-post-type=\"page\">\n\t\t\t\t<div class=\"elementor-element elementor-element-75712e9a e-flex e-con-boxed e-con e-parent\" data-id=\"75712e9a\" data-element_type=\"container\" data-e-type=\"container\" data-settings=\"{&quot;background_background&quot;:&quot;classic&quot;}\">\n\t\t\t\t\t<div class=\"e-con-inner\">\n\t\t<div class=\"elementor-element elementor-element-4a13209d e-con-full e-flex e-con e-child\" data-id=\"4a13209d\" data-element_type=\"container\" data-e-type=\"container\">\n\t\t\t\t<div class=\"elementor-element elementor-element-14cea9f5 elementor-widget elementor-widget-heading\" data-id=\"14cea9f5\" data-element_type=\"widget\" data-e-type=\"widget\" data-widget_type=\"heading.default\">\n\t\t\t\t\t<h1 class=\"elementor-heading-title elementor-size-default\">Pol\u00edtica de privadesa<\/h1>\t\t\t\t<\/div>\n\t\t\t\t<\/div>\n\t\t\t\t\t<\/div>\n\t\t\t\t<\/div>\n\t\t<div class=\"elementor-element elementor-element-ca13f52 e-flex e-con-boxed e-con e-parent\" data-id=\"ca13f52\" data-element_type=\"container\" data-e-type=\"container\">\n\t\t\t\t\t<div class=\"e-con-inner\">\n\t\t\t\t<div class=\"elementor-element elementor-element-8d65cd1 elementor-widget elementor-widget-text-editor\" data-id=\"8d65cd1\" data-element_type=\"widget\" data-e-type=\"widget\" data-widget_type=\"text-editor.default\">\n\t\t\t\t\t\t\t\t\t<p>A trav\u00e9s del present av\u00eds, <strong data-start=\"150\" data-end=\"169\">MEUTIC CLOUD SL<\/strong> (d&#8217;ara endavant, \u201cMEUTIC\u201d), informa els usuaris de la Web <strong data-start=\"228\" data-end=\"246\"><a href=\"http:\/\/www.meutic.net\" target=\"_new\" rel=\"noopener\" data-start=\"230\" data-end=\"244\">www.meutic.net<\/a> ,<\/strong> en compliment del Reglament (UE) 2016\/679 del Parlament Europeu i del Consell, de 27 d&#8217;abril de 2016 (Reglament General de Protecci\u00f3 de Dades, 2 Dades personals i garantia dels drets digitals, i una altra normativa d&#8217;aplicaci\u00f3, de la seva pol\u00edtica de protecci\u00f3 de dades personals, a fi que aquestes decideixin de forma expressa, lliure i volunt\u00e0ria facilitar a MEUTIC les dades personals que els s\u00f3n sol\u00b7licitades motivades per la sol\u00b7licitud d&#8217;informaci\u00f3 o per la contractaci\u00f3 dels diversos serveis que s&#8217;ofereixen en l&#8217;\u00e0mbit de la consultoria i l&#8217;assessorament inform\u00e0tic.<\/p><p>Llevat que espec\u00edficament s&#8217;estableixi el contrari, es considera necessari completar totes les dades requerides al formulari o impr\u00e8s an\u00e0leg de forma veritable, exacta, completa i actualitzada. Si no, MEUTIC podr\u00e0, depenent del cas, no procedir al registre de l&#8217;usuari, o b\u00e9 denegar el servei concret sol\u00b7licitat. Totes les dades facilitades per l&#8217;usuari\/interessat seran tractades atenent les caracter\u00edstiques detallades a continuaci\u00f3.  <\/p><p><strong style=\"color: inherit; font-family: inherit; font-size: 21px;\">Informaci\u00f3 relativa al tractament de les dades personals:<\/strong><\/p><h4><strong>e)Identificaci\u00f3 del responsable:<\/strong><\/h4><p><strong data-start=\"1475\" data-end=\"1494\">MEUTIC CLOUD SL<\/strong> , amb domicili a <strong data-start=\"1513\" data-end=\"1582\">Av. Josep Anselm Clav\u00e9, 08731 Sant Mart\u00ed Sarroca (Barcelona)<\/strong> , amb <strong data-start=\"1588\" data-end=\"1605\">CIF B23983331<\/strong> .<br data-start=\"1606\" data-end=\"1609\"> Correu electr\u00f2nic de contacte: <strong data-start=\"1641\" data-end=\"1660\">info@meutic.net<\/strong><\/p><h4><strong>ii)Finalitat del tractament:<\/strong><\/h4><p>Totes les dades facilitades seran tractades amb les seg\u00fcents finalitats. a) Donar resposta a les peticions realitzades per linteressat. b)Manteniment de la relaci\u00f3 que es pugui arribar a establir. c)Gesti\u00f3, administraci\u00f3, informaci\u00f3, prestaci\u00f3 i millora dels serveis que es decideixin contractar. d)Comunicacions comercials relatives als nostres productes i serveis. Les dades personals proporcionades es conservaran mentre es mantingui la relaci\u00f3 mercantil, l&#8217;interessat no sol\u00b7licite la supressi\u00f3 o siguen necess\u00e0ries per als fins del tractament. No procedir\u00e0 la destrucci\u00f3 de les dades quan hi hagi una previsi\u00f3 legal que exigeixi la seva conservaci\u00f3, cas en qu\u00e8 es procedir\u00e0 al bloqueig de les dades, conservant-se \u00fanicament a disposici\u00f3 de les administracions p\u00fabliques, jutges i tribunals, per l&#8217;atenci\u00f3 de les possibles responsabilitats nascudes del tractament, durant el termini de prescripci\u00f3 de les dades. Actualment no es procedeix a realitzar cap tipus de decisions automatitzades, inclosa l&#8217;elaboraci\u00f3 de perfils, en base a les vostres dades personals. En cas que en un futur s&#8217;anessin a realitzar aquestes decisions automatitzades, es demanar\u00e0 el consentiment previ.        <\/p><h4><strong>iii)Legitimaci\u00f3 del tractament:<\/strong><\/h4><p>Tot tractament realitzat sobre les vostres dades personals ha estat consentit per vost\u00e8 de forma pr\u00e8via i expressa. Amb car\u00e0cter previ se l&#8217;informar\u00e0 de tots aquells extrems exigits per la llei perqu\u00e8 pugui prestar un consentiment informat. Podr\u00e0 revocar aquest consentiment en qualsevol moment tal com es detalla m\u00e9s endavant en aquest document.  <\/p><h4><strong>iv)Destinataris, cessions i transfer\u00e8ncies de dades:<\/strong><\/h4><p>Les vostres dades no seran cedides a no ser que sigui indispensable per al compliment de les finalitats anteriorment dites o obligaci\u00f3 legal. Les vostres dades no seran transferides a pa\u00efsos fora de la Uni\u00f3 Europea si no fos indispensable per al compliment dels fins i vost\u00e8 ens autoritzi de forma pr\u00e8via i expressa. <\/p><h4><strong>v)Drets dels interessats:<\/strong><\/h4><p>Podreu exercitar en qualsevol moment els drets que es detallen a continuaci\u00f3, mitjan\u00e7ant correu postal a MEUTIC, av. Josep Anselm Clav\u00e9, 101, 08731 de Sant Mart\u00ed Sarroca (Barcelona); o mitjan\u00e7ant correu electr\u00f2nic a info@meutic.net o mitjan\u00e7ant el seg\u00fcent formulari web www.meutic.net\/drets. La sol\u00b7licitud haur\u00e0 de contenir el nom, cognoms i la documentaci\u00f3 que acrediti la identitat de l&#8217;interessat o del seu representant legal, aix\u00ed com document acreditatiu de la representaci\u00f3, petici\u00f3 en qu\u00e8 es concreti la sol\u00b7licitud, domicili a l&#8217;efecte de notificacions, data i signatura del sol\u00b7licitant i documents acreditatius de la petici\u00f3 que formula. Si la sol\u00b7licitud no reuneix els requisits especificats se&#8217;n requerir\u00e0 l&#8217;esmena.   <\/p><p>Els drets dels interessats s\u00f3n: dacc\u00e9s, rectificaci\u00f3, limitaci\u00f3, portabilitat, oposici\u00f3 i supressi\u00f3; i la seva definici\u00f3 \u00e9s:<\/p><h4>Dret d&#8217;acc\u00e9s:<\/h4><p>L&#8217;interessat tindr\u00e0 dret a obtenir del responsable del tractament confirmaci\u00f3 de si s&#8217;estan tractant o no dades personals que li concerneixen i, en aquest cas, dret d&#8217;acc\u00e9s a les dades personals ia la informaci\u00f3 seg\u00fcent:<\/p><p><strong>a)<\/strong> les finalitats del tractament<\/p><p><strong>b)<\/strong> les categories de dades personals que es tractin<\/p><p><strong>c)<\/strong> els destinataris o categories de destinataris als quals s&#8217;han comunicat o seran comunicades les dades personals, en particular destinataris a tercers pa\u00efsos o organitzacions internacionals<\/p><p><strong>d)<\/strong> si \u00e9s possible, el termini previst de conservaci\u00f3 de les dades personals o, si no \u00e9s possible, els criteris utilitzats per determinar aquest termini<\/p><p><strong>f)<\/strong> l&#8217;exist\u00e8ncia del dret a sol\u00b7licitar del responsable la rectificaci\u00f3 o la supressi\u00f3 de dades personals o la limitaci\u00f3 del tractament de dades personals relatives a l&#8217;interessat, oa oposar-se a aquest tractament<\/p><p><strong>g)<\/strong> el dret a presentar una reclamaci\u00f3 davant una autoritat de control<\/p><p><strong>h)<\/strong> quan les dades personals no s&#8217;hagin obtingut de l&#8217;interessat, qualsevol informaci\u00f3 disponible sobre l&#8217;origen<\/p><p><strong>i)<\/strong> l&#8217;exist\u00e8ncia de decisions automatitzades, inclosa l&#8217;elaboraci\u00f3 de perfils, a qu\u00e8 fa refer\u00e8ncia l&#8217;article 22, apartats 1 i 4, i, almenys en aquests casos, informaci\u00f3 significativa sobre la l\u00f2gica aplicada, aix\u00ed com la import\u00e0ncia i les conseq\u00fc\u00e8ncies previstes d&#8217;aquest tractament per a l&#8217;interessat.<\/p><p>Quan es transfereixin dades personals a un tercer pa\u00eds oa una organitzaci\u00f3 internacional, l&#8217;interessat t\u00e9 dret a \u00e9sser informat de les garanties adequades en virtut de l&#8217;article 46 relatives a la transfer\u00e8ncia. El responsable del tractament facilitar\u00e0 una c\u00f2pia de les dades personals objecte de tractament. El responsable podr\u00e0 percebre per qualsevol altra c\u00f2pia sol\u00b7licitada per linteressat un c\u00e0non raonable basat en els costos administratius. Quan l&#8217;interessat presenti la sol\u00b7licitud per mitjans electr\u00f2nics, llevat que aquest sol\u00b7liciti que es faciliti altrament, la informaci\u00f3 es facilitar\u00e0 en un format electr\u00f2nic d&#8217;\u00fas com\u00fa.   <\/p><h4>Dret de rectificaci\u00f3:<\/h4><p>L&#8217;interessat tindr\u00e0 dret a obtenir sense dilaci\u00f3 indeguda del responsable del tractament la rectificaci\u00f3 de les dades personals inexactes que li concerneixin. Tenint en compte les finalitats del tractament, l&#8217;interessat tindr\u00e0 dret que es completin les dades personals que siguin incompletes, fins i tot mitjan\u00e7ant declaraci\u00f3 addicional. <\/p><h4>Dret de supressi\u00f3:<\/h4><p>L&#8217;interessat tindr\u00e0 dret a obtenir sense dilaci\u00f3 indeguda del responsable del tractament la supressi\u00f3 de les dades personals que li concerneixin, el qual estar\u00e0 obligat a suprimir sense dilaci\u00f3 indeguda les dades personals quan concorri alguna de les circumst\u00e0ncies seg\u00fcents:<\/p><p><strong>a)<\/strong> les dades personals ja no siguin necess\u00e0ries en relaci\u00f3 amb les finalitats per les quals van ser recollides o tractades altrament<\/p><p><strong>b)<\/strong> l&#8217;interessat retiri el consentiment en qu\u00e8 es basa el tractament de conformitat amb l&#8217;article 6, apartat 1, lletra a), o l&#8217;article 9, apartat 2, lletra a), i aquest no es basa en cap altre fonament jur\u00eddic<\/p><p><strong>c)<\/strong> l&#8217;interessat s&#8217;oposi al tractament d&#8217;acord amb l&#8217;article 21, apartat 1, i no prevalguin altres motius leg\u00edtims per al tractament, o l&#8217;interessat s&#8217;oposi al tractament d&#8217;acord amb l&#8217;article 21, apartat 2<\/p><p><strong>d)<\/strong> les dades personals hagin estat tractades il\u00b7l\u00edcitament<\/p><p><strong>i)<\/strong> les dades personals s&#8217;han de suprimir pel compliment d&#8217;una obligaci\u00f3 legal establerta al dret de la Uni\u00f3 o dels estats membres que s&#8217;apliqui al responsable del tractament<\/p><p><strong>f)<\/strong> les dades personals s&#8217;hagin obtingut en relaci\u00f3 amb l&#8217;oferta de serveis de la societat de la informaci\u00f3 esmentades a l&#8217;article 8, apartat 1.<\/p><p>Quan el responsable hagi fet p\u00fabliques les dades personals de qu\u00e8 l&#8217;interessat ha exercit el seu dret de supressi\u00f3, el responsable ha d&#8217;adoptar, atenent la tecnologia disponible i el cost de la seva aplicaci\u00f3, les mesures raonables per comunicar als tercers que estiguin tractant aquesta informaci\u00f3 de la sol\u00b7licitud de supressi\u00f3 de les dades, aix\u00ed com de qualsevol enlla\u00e7 a aquestes dades o qualsevol c\u00f2pia o r\u00e8plica d&#8217;aquestes.<\/p><p>Aquest dret es veur\u00e0 limitat per altres drets com el dret a la llibertat dexpressi\u00f3 i informaci\u00f3, pel compliment dalguna obligaci\u00f3 legal, o quan hi hagi raons dinter\u00e8s p\u00fablic.<\/p><h4>Dret a la limitaci\u00f3 del tractament:<\/h4><p>L&#8217;interessat tindr\u00e0 dret a obtenir del responsable del tractament la limitaci\u00f3 del tractament de les dades quan es compleixi alguna de les condicions seg\u00fcents:<\/p><p><strong>a)<\/strong> l&#8217;interessat impugni l&#8217;exactitud de les dades personals, durant un termini que permeti al responsable verificar-ne l&#8217;exactitud.<\/p><p><strong>b)<\/strong> el tractament sigui il\u00b7l\u00edcit i l&#8217;interessat s&#8217;oposi a la supressi\u00f3 de les dades personals i sol\u00b7liciti al seu lloc la limitaci\u00f3 del seu \u00fas.<\/p><p><strong>c)<\/strong> el responsable ja no necessiti les dades personals per a les finalitats del tractament, per\u00f2 linteressat les necessiti per la formulaci\u00f3, exercici o defensa de reclamacions.<\/p><p><strong>d)<\/strong> l&#8217;interessat s&#8217;hagi oposat al tractament en virtut de l&#8217;article 21, apartat 1, mentre es verifica si els motius leg\u00edtims del responsable prevalen sobre els de l&#8217;interessat.<\/p><p>Quan el tractament de dades personals s&#8217;hagi limitat en virtut de l&#8217;apartat 1, aquestes dades nom\u00e9s poden ser objecte de tractament, a excepci\u00f3 de la seva conservaci\u00f3, amb el consentiment de l&#8217;interessat o per formular-les, l&#8217;exercici o la defensa de reclamacions, o amb la intenci\u00f3 de la protecci\u00f3 dels drets d&#8217;una altra persona f\u00edsica o jur\u00eddica o per raons d&#8217;inter\u00e8s p\u00fablic important de la Uni\u00f3 o d&#8217;un determinat Estat membre.<\/p><p>Tot interessat que hagi obtingut la limitaci\u00f3 del tractament dacord amb lapartat 1 ser\u00e0 informat pel responsable abans de laixecament daquesta limitaci\u00f3.<\/p><h4>Dret d&#8217;oposici\u00f3:<\/h4><p>L&#8217;interessat tindr\u00e0 dret a oposar-se a qualsevol moment, per motius relacionats amb la seva situaci\u00f3 particular, que dades personals que li concerneixin siguin objecte d&#8217;un tractament basat en el que disposa l&#8217;article 6, apartat 1, lletres i) of), inclosa l&#8217;elaboraci\u00f3 de perfils sobre la base d&#8217;aquestes disposicions.<\/p><p>El responsable del tractament deixar\u00e0 de tractar les dades personals, llevat que acrediti motius leg\u00edtims imperiosos per al tractament que prevalguin sobre els interessos, els drets i les llibertats de l&#8217;interessat, o per la formulaci\u00f3, l&#8217;exercici o la defensa de reclamacions.<\/p><p>Quan el tractament de dades personals tingui per objecte el m\u00e0rqueting directe, linteressat tindr\u00e0 dret a oposar-se en tot moment al tractament de les dades personals que li concerneixin, inclosa lelaboraci\u00f3 de perfils en la mesura que estigui relacionada amb el m\u00e0rqueting esmentat.<\/p><p>Quan l&#8217;interessat s&#8217;oposi al tractament amb finalitats de m\u00e0rqueting directe, les dades personals deixaran de ser tractades amb aquesta finalitat.<\/p><p>Quan les dades personals es tractin amb finalitats de recerca cient\u00edfica o hist\u00f2rica o fins estad\u00edstiques de conformitat amb l&#8217;article 89, apartat 1, l&#8217;interessat t\u00e9 dret, per motius relacionats amb la seva situaci\u00f3 particular, a oposar-se al tractament de dades personals que li concerneixin, llevat que sigui necessari per complir una missi\u00f3 realitzada per raons d&#8217;inter\u00e8s p\u00fablic.<\/p><h4>Dret de portabilitat de dades:<\/h4><p>L&#8217;interessat tindr\u00e0 dret a rebre les dades personals que l&#8217;afectin, que hagi facilitat a un responsable del tractament, en un format estructurat, d&#8217;\u00fas com\u00fa i lectura mec\u00e0nica, ia transmetre&#8217;ls a un altre responsable del tractament sense que ho impedeixi el responsable a qui hagi facilitat, quan:<\/p><p><strong>a)<\/strong> el tractament estigui basat en el consentiment d&#8217;acord amb l&#8217;article 6, apartat 1, lletra a), o l&#8217;article 9, apartat 2, lletra a), o en un contracte d&#8217;acord amb l&#8217;article 6, apartat 1, lletra b), i   <\/p><p><strong>b)<\/strong> el tractament s&#8217;efectu\u00ef per mitjans automatitzats.<\/p><p><strong>2.<\/strong> En exercir el dret a la portabilitat de les dades d&#8217;acord amb l&#8217;apartat 1, l&#8217;interessat t\u00e9 dret que les dades personals es transmetin directament de responsable a responsable quan sigui t\u00e8cnicament possible.<\/p><p>L&#8217;exercici del dret esmentat a l&#8217;apartat 1 del present article s&#8217;entendr\u00e0 sense perjudici de l&#8217;article 17. Aquest dret no \u00e9s aplicable al tractament que sigui necessari per al compliment d&#8217;una missi\u00f3 realitzada en inter\u00e8s p\u00fablic o en l&#8217;exercici de poders p\u00fablics conferits al responsable del tractament. <\/p><p>El responsable del tractament comunicar\u00e0 qualsevol rectificaci\u00f3 o supressi\u00f3 de dades personals o limitaci\u00f3 del tractament efectuada d&#8217;acord amb l&#8217;article 16, l&#8217;article 17, apartat 1, i l&#8217;article 18 a cadascun dels destinataris als quals s&#8217;hagin comunicat les dades personals, llevat que sigui impossible o exigeixi un esfor\u00e7 desproporcionat. El responsable informar\u00e0 linteressat sobre aquests destinataris, si aquest aix\u00ed ho sol\u00b7licita. <\/p><p><strong>vi)Revocaci\u00f3 del consentiment<\/strong> :<\/p><p>L&#8217;interessat, que en el seu moment hagu\u00e9s atorgat el consentiment per tractar les dades personals, podr\u00e0 igualment retirar-lo amb la mateixa facilitat. La retirada del consentiment no suposar\u00e0 la il\u00b7licitud del tractament efectuat amb anterioritat. <\/p><p>Linteressat tindr\u00e0 dret a presentar una reclamaci\u00f3 davant lAutoritat de Control competent.<\/p><p>Quan les dades personals siguin tractades amb posterioritat amb finalitats diferents, el responsable informar\u00e0 l&#8217;interessat de tal extrem.<\/p><p><strong>v.ii)Mesures de seguretat<\/strong> :<\/p><p>El Responsable del Tractament manifesta que ha adoptat les mesures d&#8217;\u00edndole t\u00e8cnica i organitzativa necess\u00e0ries per garantir la seguretat de les dades i evitar-ne l&#8217;alteraci\u00f3, la p\u00e8rdua, el tractament o l&#8217;acc\u00e9s no autoritzat, tenint en compte l&#8217;estat de la tecnologia, la naturalesa de les dades emmagatzemades i els riscos a qu\u00e8 es troben exposats, provinguin ja de l&#8217;acci\u00f3 humana o del medi f\u00edsic o natural.<\/p><p>El web www.meutic.net cont\u00e9 enlla\u00e7os a altres p\u00e0gines web que puguin ser interessants per als usuaris. MEUTIC no assumeix cap responsabilitat sobre aquests enlla\u00e7os, sense que es pugui donar cap garantia en el compliment de pol\u00edtiques de privadesa adequades, per la qual cosa l&#8217;usuari accedeix al contingut de les p\u00e0gines web esmentades en les condicions d&#8217;\u00fas que s&#8217;hi fixin i sota la seva exclusiva responsabilitat. <\/p><p>Si teniu algun dubte, q\u00fcesti\u00f3 o recomanaci\u00f3 sobre la nostra Pol\u00edtica de Privadesa, podeu adre\u00e7ar-vos a trav\u00e9s de correu electr\u00f2nic a la seg\u00fcent adre\u00e7a: info@meutic.net<\/p><h3>MEUTIC<\/h3>\t\t\t\t\t\t\t\t<\/div>\n\t\t\t\t\t<\/div>\n\t\t\t\t<\/div>\n\t\t\t\t<\/div>\n\t\t","protected":false},"excerpt":{"rendered":"<p>Pol\u00edtica de privadesa A trav\u00e9s del present av\u00eds, MEUTIC CLOUD SL (d&#8217;ara endavant, \u201cMEUTIC\u201d), informa els usuaris de la Web www.meutic.net , en compliment del Reglament (UE) 2016\/679 del Parlament Europeu i del Consell, de 27 d&#8217;abril de 2016 (Reglament General de Protecci\u00f3 de Dades, 2 Dades personals i garantia dels drets digitals, i una [&hellip;]<\/p>\n","protected":false},"author":1,"featured_media":0,"parent":0,"menu_order":0,"comment_status":"closed","ping_status":"closed","template":"","meta":{"footnotes":""},"class_list":["post-6078","page","type-page","status-publish","hentry"],"_links":{"self":[{"href":"https:\/\/meutic.net\/ca\/wp-json\/wp\/v2\/pages\/6078","targetHints":{"allow":["GET"]}}],"collection":[{"href":"https:\/\/meutic.net\/ca\/wp-json\/wp\/v2\/pages"}],"about":[{"href":"https:\/\/meutic.net\/ca\/wp-json\/wp\/v2\/types\/page"}],"author":[{"embeddable":true,"href":"https:\/\/meutic.net\/ca\/wp-json\/wp\/v2\/users\/1"}],"replies":[{"embeddable":true,"href":"https:\/\/meutic.net\/ca\/wp-json\/wp\/v2\/comments?post=6078"}],"version-history":[{"count":0,"href":"https:\/\/meutic.net\/ca\/wp-json\/wp\/v2\/pages\/6078\/revisions"}],"wp:attachment":[{"href":"https:\/\/meutic.net\/ca\/wp-json\/wp\/v2\/media?parent=6078"}],"curies":[{"name":"wp","href":"https:\/\/api.w.org\/{rel}","templated":true}]}}